{"id":1030,"date":"2016-03-05T03:09:03","date_gmt":"2016-03-05T02:09:03","guid":{"rendered":"http:\/\/lukasmikulasek.cz\/photography\/?page_id=1030"},"modified":"2016-03-05T03:09:07","modified_gmt":"2016-03-05T02:09:07","slug":"jak-pouzivame-cookies","status":"publish","type":"page","link":"https:\/\/lukasmikulasek.cz\/photography\/jak-pouzivame-cookies\/","title":{"rendered":"Jak pou\u017e\u00edv\u00e1me cookies?"},"content":{"rendered":"<p>K personalizaci obsahu a reklam, poskytov\u00e1n\u00ed funkc\u00ed soci\u00e1ln\u00edch m\u00e9di\u00ed a anal\u00fdze na\u0161\u00ed n\u00e1v\u0161t\u011bvnosti vyu\u017e\u00edv\u00e1me soubory cookie. Informace o tom, jak n\u00e1\u0161 web pou\u017e\u00edv\u00e1te, sd\u00edl\u00edme se sv\u00fdmi partnery p\u016fsob\u00edc\u00edmi v oblasti soci\u00e1ln\u00edch m\u00e9di\u00ed, inzerce a anal\u00fdz.<\/p>\n<p>V\u00edce o zp\u016fsobu zpracov\u00e1n\u00ed informac\u00ed naleznete zde: <a href=\"http:\/\/www.google.com\/intl\/cs\/policies\/privacy\/partners\">http:\/\/www.google.com\/intl\/cs\/policies\/privacy\/partners<\/a>. Podobn\u00e9 z\u00e1sady pou\u017e\u00edv\u00e1 i spole\u010dnost Facebook, p\u0159\u00edpadn\u011b dal\u0161\u00ed partne\u0159i, jejich\u017e slu\u017eby vyu\u017e\u00edv\u00e1me.<\/p>\n","protected":false},"excerpt":{"rendered":"<p>K personalizaci obsahu a reklam, poskytov\u00e1n\u00ed funkc\u00ed soci\u00e1ln\u00edch m\u00e9di\u00ed a anal\u00fdze na\u0161\u00ed n\u00e1v\u0161t\u011bvnosti vyu\u017e\u00edv\u00e1me soubory cookie. Informace o tom, jak n\u00e1\u0161 web pou\u017e\u00edv\u00e1te, sd\u00edl\u00edme se sv\u00fdmi partnery p\u016fsob\u00edc\u00edmi v oblasti soci\u00e1ln\u00edch m\u00e9di\u00ed, inzerce a anal\u00fdz. V\u00edce o zp\u016fsobu zpracov\u00e1n\u00ed informac\u00ed naleznete zde: http:\/\/www.google.com\/intl\/cs\/policies\/privacy\/partners. Podobn\u00e9 z\u00e1sady pou\u017e\u00edv\u00e1 i spole\u010dnost Facebook, p\u0159\u00edpadn\u011b dal\u0161\u00ed partne\u0159i, jejich\u017e slu\u017eby vyu\u017e\u00edv\u00e1me.<\/p>\n","protected":false},"author":1,"featured_media":0,"parent":0,"menu_order":0,"comment_status":"open","ping_status":"closed","template":"","meta":[],"yoast_head":"<!-- This site is optimized with the Yoast SEO plugin v18.4.1 - https:\/\/yoast.com\/wordpress\/plugins\/seo\/ -->\n<title>Jak pou\u017e\u00edv\u00e1me cookies? &raquo;\u00a0<\/title>\n<meta name=\"robots\" content=\"index, follow, max-snippet:-1, max-image-preview:large, max-video-preview:-1\" \/>\n<link rel=\"canonical\" href=\"https:\/\/lukasmikulasek.cz\/photography\/jak-pouzivame-cookies\/\" \/>\n<script type=\"application\/ld+json\" class=\"yoast-schema-graph\">{\"@context\":\"https:\/\/schema.org\",\"@graph\":[{\"@type\":\"WebSite\",\"@id\":\"https:\/\/lukasmikulasek.cz\/photography\/#website\",\"url\":\"https:\/\/lukasmikulasek.cz\/photography\/\",\"name\":\"Luk\u00e1\u0161 Mikul\u00e1\u0161ek Photography\",\"description\":\"\",\"potentialAction\":[{\"@type\":\"SearchAction\",\"target\":{\"@type\":\"EntryPoint\",\"urlTemplate\":\"https:\/\/lukasmikulasek.cz\/photography\/?s={search_term_string}\"},\"query-input\":\"required name=search_term_string\"}],\"inLanguage\":\"cs\"},{\"@type\":\"WebPage\",\"@id\":\"https:\/\/lukasmikulasek.cz\/photography\/jak-pouzivame-cookies\/#webpage\",\"url\":\"https:\/\/lukasmikulasek.cz\/photography\/jak-pouzivame-cookies\/\",\"name\":\"Jak pou\u017e\u00edv\u00e1me cookies? &raquo;\u00a0\",\"isPartOf\":{\"@id\":\"https:\/\/lukasmikulasek.cz\/photography\/#website\"},\"datePublished\":\"2016-03-05T02:09:03+00:00\",\"dateModified\":\"2016-03-05T02:09:07+00:00\",\"breadcrumb\":{\"@id\":\"https:\/\/lukasmikulasek.cz\/photography\/jak-pouzivame-cookies\/#breadcrumb\"},\"inLanguage\":\"cs\",\"potentialAction\":[{\"@type\":\"ReadAction\",\"target\":[\"https:\/\/lukasmikulasek.cz\/photography\/jak-pouzivame-cookies\/\"]}]},{\"@type\":\"BreadcrumbList\",\"@id\":\"https:\/\/lukasmikulasek.cz\/photography\/jak-pouzivame-cookies\/#breadcrumb\",\"itemListElement\":[{\"@type\":\"ListItem\",\"position\":1,\"name\":\"Dom\u016f\",\"item\":\"https:\/\/lukasmikulasek.cz\/photography\/\"},{\"@type\":\"ListItem\",\"position\":2,\"name\":\"Jak pou\u017e\u00edv\u00e1me cookies?\"}]}]}<\/script>\n<!-- \/ Yoast SEO plugin. -->","yoast_head_json":{"title":"Jak pou\u017e\u00edv\u00e1me cookies? &raquo;\u00a0","robots":{"index":"index","follow":"follow","max-snippet":"max-snippet:-1","max-image-preview":"max-image-preview:large","max-video-preview":"max-video-preview:-1"},"canonical":"https:\/\/lukasmikulasek.cz\/photography\/jak-pouzivame-cookies\/","schema":{"@context":"https:\/\/schema.org","@graph":[{"@type":"WebSite","@id":"https:\/\/lukasmikulasek.cz\/photography\/#website","url":"https:\/\/lukasmikulasek.cz\/photography\/","name":"Luk\u00e1\u0161 Mikul\u00e1\u0161ek Photography","description":"","potentialAction":[{"@type":"SearchAction","target":{"@type":"EntryPoint","urlTemplate":"https:\/\/lukasmikulasek.cz\/photography\/?s={search_term_string}"},"query-input":"required name=search_term_string"}],"inLanguage":"cs"},{"@type":"WebPage","@id":"https:\/\/lukasmikulasek.cz\/photography\/jak-pouzivame-cookies\/#webpage","url":"https:\/\/lukasmikulasek.cz\/photography\/jak-pouzivame-cookies\/","name":"Jak pou\u017e\u00edv\u00e1me cookies? &raquo;\u00a0","isPartOf":{"@id":"https:\/\/lukasmikulasek.cz\/photography\/#website"},"datePublished":"2016-03-05T02:09:03+00:00","dateModified":"2016-03-05T02:09:07+00:00","breadcrumb":{"@id":"https:\/\/lukasmikulasek.cz\/photography\/jak-pouzivame-cookies\/#breadcrumb"},"inLanguage":"cs","potentialAction":[{"@type":"ReadAction","target":["https:\/\/lukasmikulasek.cz\/photography\/jak-pouzivame-cookies\/"]}]},{"@type":"BreadcrumbList","@id":"https:\/\/lukasmikulasek.cz\/photography\/jak-pouzivame-cookies\/#breadcrumb","itemListElement":[{"@type":"ListItem","position":1,"name":"Dom\u016f","item":"https:\/\/lukasmikulasek.cz\/photography\/"},{"@type":"ListItem","position":2,"name":"Jak pou\u017e\u00edv\u00e1me cookies?"}]}]}},"_links":{"self":[{"href":"https:\/\/lukasmikulasek.cz\/photography\/wp-json\/wp\/v2\/pages\/1030"}],"collection":[{"href":"https:\/\/lukasmikulasek.cz\/photography\/wp-json\/wp\/v2\/pages"}],"about":[{"href":"https:\/\/lukasmikulasek.cz\/photography\/wp-json\/wp\/v2\/types\/page"}],"author":[{"embeddable":true,"href":"https:\/\/lukasmikulasek.cz\/photography\/wp-json\/wp\/v2\/users\/1"}],"replies":[{"embeddable":true,"href":"https:\/\/lukasmikulasek.cz\/photography\/wp-json\/wp\/v2\/comments?post=1030"}],"version-history":[{"count":1,"href":"https:\/\/lukasmikulasek.cz\/photography\/wp-json\/wp\/v2\/pages\/1030\/revisions"}],"predecessor-version":[{"id":1032,"href":"https:\/\/lukasmikulasek.cz\/photography\/wp-json\/wp\/v2\/pages\/1030\/revisions\/1032"}],"wp:attachment":[{"href":"https:\/\/lukasmikulasek.cz\/photography\/wp-json\/wp\/v2\/media?parent=1030"}],"curies":[{"name":"wp","href":"https:\/\/api.w.org\/{rel}","templated":true}]}}