{"id":34,"date":"2015-03-27T16:04:47","date_gmt":"2015-03-27T15:04:47","guid":{"rendered":"http:\/\/lukasmikulasek.cz\/photography\/?page_id=34"},"modified":"2015-07-05T22:35:19","modified_gmt":"2015-07-05T21:35:19","slug":"acc-oster-party-2015","status":"publish","type":"page","link":"https:\/\/lukasmikulasek.cz\/photography\/acc-oster-party-2015\/","title":{"rendered":"Velikonoce 2015 v ACC"},"content":{"rendered":"<p><img loading=\"lazy\" class=\"alignnone size-full wp-image-339\" src=\"http:\/\/lukasmikulasek.cz\/photography\/wp-content\/uploads\/2015\/03\/Logo-Casino.png\" alt=\"Logo Casino\" width=\"252\" height=\"157\" \/><\/p>\n<h2>Velikono\u010dn\u00ed p\u00e1rty 2015 \/ Osterparty 2015<\/h2>\n","protected":false},"excerpt":{"rendered":"<p>Velikono\u010dn\u00ed p\u00e1rty 2015 \/ Osterparty 2015<\/p>\n","protected":false},"author":1,"featured_media":0,"parent":0,"menu_order":0,"comment_status":"open","ping_status":"open","template":"gallery_4.php","meta":[],"yoast_head":"<!-- This site is optimized with the Yoast SEO plugin v18.4.1 - https:\/\/yoast.com\/wordpress\/plugins\/seo\/ -->\n<title>Velikonoce 2015 v ACC &raquo;\u00a0<\/title>\n<meta name=\"robots\" content=\"index, follow, max-snippet:-1, max-image-preview:large, max-video-preview:-1\" \/>\n<link rel=\"canonical\" href=\"https:\/\/lukasmikulasek.cz\/photography\/acc-oster-party-2015\/\" \/>\n<script type=\"application\/ld+json\" class=\"yoast-schema-graph\">{\"@context\":\"https:\/\/schema.org\",\"@graph\":[{\"@type\":\"WebSite\",\"@id\":\"https:\/\/lukasmikulasek.cz\/photography\/#website\",\"url\":\"https:\/\/lukasmikulasek.cz\/photography\/\",\"name\":\"Luk\u00e1\u0161 Mikul\u00e1\u0161ek Photography\",\"description\":\"\",\"potentialAction\":[{\"@type\":\"SearchAction\",\"target\":{\"@type\":\"EntryPoint\",\"urlTemplate\":\"https:\/\/lukasmikulasek.cz\/photography\/?s={search_term_string}\"},\"query-input\":\"required name=search_term_string\"}],\"inLanguage\":\"cs\"},{\"@type\":\"ImageObject\",\"@id\":\"https:\/\/lukasmikulasek.cz\/photography\/acc-oster-party-2015\/#primaryimage\",\"inLanguage\":\"cs\",\"url\":\"http:\/\/lukasmikulasek.cz\/photography\/wp-content\/uploads\/2015\/03\/Logo-Casino.png\",\"contentUrl\":\"http:\/\/lukasmikulasek.cz\/photography\/wp-content\/uploads\/2015\/03\/Logo-Casino.png\"},{\"@type\":\"WebPage\",\"@id\":\"https:\/\/lukasmikulasek.cz\/photography\/acc-oster-party-2015\/#webpage\",\"url\":\"https:\/\/lukasmikulasek.cz\/photography\/acc-oster-party-2015\/\",\"name\":\"Velikonoce 2015 v ACC &raquo;\u00a0\",\"isPartOf\":{\"@id\":\"https:\/\/lukasmikulasek.cz\/photography\/#website\"},\"primaryImageOfPage\":{\"@id\":\"https:\/\/lukasmikulasek.cz\/photography\/acc-oster-party-2015\/#primaryimage\"},\"datePublished\":\"2015-03-27T15:04:47+00:00\",\"dateModified\":\"2015-07-05T21:35:19+00:00\",\"breadcrumb\":{\"@id\":\"https:\/\/lukasmikulasek.cz\/photography\/acc-oster-party-2015\/#breadcrumb\"},\"inLanguage\":\"cs\",\"potentialAction\":[{\"@type\":\"ReadAction\",\"target\":[\"https:\/\/lukasmikulasek.cz\/photography\/acc-oster-party-2015\/\"]}]},{\"@type\":\"BreadcrumbList\",\"@id\":\"https:\/\/lukasmikulasek.cz\/photography\/acc-oster-party-2015\/#breadcrumb\",\"itemListElement\":[{\"@type\":\"ListItem\",\"position\":1,\"name\":\"Dom\u016f\",\"item\":\"https:\/\/lukasmikulasek.cz\/photography\/\"},{\"@type\":\"ListItem\",\"position\":2,\"name\":\"Velikonoce 2015 v ACC\"}]}]}<\/script>\n<!-- \/ Yoast SEO plugin. -->","yoast_head_json":{"title":"Velikonoce 2015 v ACC &raquo;\u00a0","robots":{"index":"index","follow":"follow","max-snippet":"max-snippet:-1","max-image-preview":"max-image-preview:large","max-video-preview":"max-video-preview:-1"},"canonical":"https:\/\/lukasmikulasek.cz\/photography\/acc-oster-party-2015\/","schema":{"@context":"https:\/\/schema.org","@graph":[{"@type":"WebSite","@id":"https:\/\/lukasmikulasek.cz\/photography\/#website","url":"https:\/\/lukasmikulasek.cz\/photography\/","name":"Luk\u00e1\u0161 Mikul\u00e1\u0161ek Photography","description":"","potentialAction":[{"@type":"SearchAction","target":{"@type":"EntryPoint","urlTemplate":"https:\/\/lukasmikulasek.cz\/photography\/?s={search_term_string}"},"query-input":"required name=search_term_string"}],"inLanguage":"cs"},{"@type":"ImageObject","@id":"https:\/\/lukasmikulasek.cz\/photography\/acc-oster-party-2015\/#primaryimage","inLanguage":"cs","url":"http:\/\/lukasmikulasek.cz\/photography\/wp-content\/uploads\/2015\/03\/Logo-Casino.png","contentUrl":"http:\/\/lukasmikulasek.cz\/photography\/wp-content\/uploads\/2015\/03\/Logo-Casino.png"},{"@type":"WebPage","@id":"https:\/\/lukasmikulasek.cz\/photography\/acc-oster-party-2015\/#webpage","url":"https:\/\/lukasmikulasek.cz\/photography\/acc-oster-party-2015\/","name":"Velikonoce 2015 v ACC &raquo;\u00a0","isPartOf":{"@id":"https:\/\/lukasmikulasek.cz\/photography\/#website"},"primaryImageOfPage":{"@id":"https:\/\/lukasmikulasek.cz\/photography\/acc-oster-party-2015\/#primaryimage"},"datePublished":"2015-03-27T15:04:47+00:00","dateModified":"2015-07-05T21:35:19+00:00","breadcrumb":{"@id":"https:\/\/lukasmikulasek.cz\/photography\/acc-oster-party-2015\/#breadcrumb"},"inLanguage":"cs","potentialAction":[{"@type":"ReadAction","target":["https:\/\/lukasmikulasek.cz\/photography\/acc-oster-party-2015\/"]}]},{"@type":"BreadcrumbList","@id":"https:\/\/lukasmikulasek.cz\/photography\/acc-oster-party-2015\/#breadcrumb","itemListElement":[{"@type":"ListItem","position":1,"name":"Dom\u016f","item":"https:\/\/lukasmikulasek.cz\/photography\/"},{"@type":"ListItem","position":2,"name":"Velikonoce 2015 v ACC"}]}]}},"_links":{"self":[{"href":"https:\/\/lukasmikulasek.cz\/photography\/wp-json\/wp\/v2\/pages\/34"}],"collection":[{"href":"https:\/\/lukasmikulasek.cz\/photography\/wp-json\/wp\/v2\/pages"}],"about":[{"href":"https:\/\/lukasmikulasek.cz\/photography\/wp-json\/wp\/v2\/types\/page"}],"author":[{"embeddable":true,"href":"https:\/\/lukasmikulasek.cz\/photography\/wp-json\/wp\/v2\/users\/1"}],"replies":[{"embeddable":true,"href":"https:\/\/lukasmikulasek.cz\/photography\/wp-json\/wp\/v2\/comments?post=34"}],"version-history":[{"count":16,"href":"https:\/\/lukasmikulasek.cz\/photography\/wp-json\/wp\/v2\/pages\/34\/revisions"}],"predecessor-version":[{"id":762,"href":"https:\/\/lukasmikulasek.cz\/photography\/wp-json\/wp\/v2\/pages\/34\/revisions\/762"}],"wp:attachment":[{"href":"https:\/\/lukasmikulasek.cz\/photography\/wp-json\/wp\/v2\/media?parent=34"}],"curies":[{"name":"wp","href":"https:\/\/api.w.org\/{rel}","templated":true}]}}