{"id":356,"date":"2015-04-10T20:54:33","date_gmt":"2015-04-10T19:54:33","guid":{"rendered":"http:\/\/lukasmikulasek.cz\/photography\/?page_id=356"},"modified":"2015-07-04T17:16:23","modified_gmt":"2015-07-04T16:16:23","slug":"svatby","status":"publish","type":"page","link":"https:\/\/lukasmikulasek.cz\/photography\/svatby\/","title":{"rendered":"Svatby &#8211; v\u00fdb\u011br"},"content":{"rendered":"","protected":false},"excerpt":{"rendered":"","protected":false},"author":1,"featured_media":0,"parent":0,"menu_order":0,"comment_status":"closed","ping_status":"closed","template":"gallery_2.php","meta":[],"yoast_head":"<!-- This site is optimized with the Yoast SEO plugin v18.4.1 - https:\/\/yoast.com\/wordpress\/plugins\/seo\/ -->\n<title>Svatby - v\u00fdb\u011br &raquo;\u00a0<\/title>\n<meta name=\"robots\" content=\"index, follow, max-snippet:-1, max-image-preview:large, max-video-preview:-1\" \/>\n<link rel=\"canonical\" href=\"https:\/\/lukasmikulasek.cz\/photography\/svatby\/\" \/>\n<script type=\"application\/ld+json\" class=\"yoast-schema-graph\">{\"@context\":\"https:\/\/schema.org\",\"@graph\":[{\"@type\":\"WebSite\",\"@id\":\"https:\/\/lukasmikulasek.cz\/photography\/#website\",\"url\":\"https:\/\/lukasmikulasek.cz\/photography\/\",\"name\":\"Luk\u00e1\u0161 Mikul\u00e1\u0161ek Photography\",\"description\":\"\",\"potentialAction\":[{\"@type\":\"SearchAction\",\"target\":{\"@type\":\"EntryPoint\",\"urlTemplate\":\"https:\/\/lukasmikulasek.cz\/photography\/?s={search_term_string}\"},\"query-input\":\"required name=search_term_string\"}],\"inLanguage\":\"cs\"},{\"@type\":\"WebPage\",\"@id\":\"https:\/\/lukasmikulasek.cz\/photography\/svatby\/#webpage\",\"url\":\"https:\/\/lukasmikulasek.cz\/photography\/svatby\/\",\"name\":\"Svatby - v\u00fdb\u011br &raquo;\u00a0\",\"isPartOf\":{\"@id\":\"https:\/\/lukasmikulasek.cz\/photography\/#website\"},\"datePublished\":\"2015-04-10T19:54:33+00:00\",\"dateModified\":\"2015-07-04T16:16:23+00:00\",\"breadcrumb\":{\"@id\":\"https:\/\/lukasmikulasek.cz\/photography\/svatby\/#breadcrumb\"},\"inLanguage\":\"cs\",\"potentialAction\":[{\"@type\":\"ReadAction\",\"target\":[\"https:\/\/lukasmikulasek.cz\/photography\/svatby\/\"]}]},{\"@type\":\"BreadcrumbList\",\"@id\":\"https:\/\/lukasmikulasek.cz\/photography\/svatby\/#breadcrumb\",\"itemListElement\":[{\"@type\":\"ListItem\",\"position\":1,\"name\":\"Dom\u016f\",\"item\":\"https:\/\/lukasmikulasek.cz\/photography\/\"},{\"@type\":\"ListItem\",\"position\":2,\"name\":\"Svatby &#8211; v\u00fdb\u011br\"}]}]}<\/script>\n<!-- \/ Yoast SEO plugin. -->","yoast_head_json":{"title":"Svatby - v\u00fdb\u011br &raquo;\u00a0","robots":{"index":"index","follow":"follow","max-snippet":"max-snippet:-1","max-image-preview":"max-image-preview:large","max-video-preview":"max-video-preview:-1"},"canonical":"https:\/\/lukasmikulasek.cz\/photography\/svatby\/","schema":{"@context":"https:\/\/schema.org","@graph":[{"@type":"WebSite","@id":"https:\/\/lukasmikulasek.cz\/photography\/#website","url":"https:\/\/lukasmikulasek.cz\/photography\/","name":"Luk\u00e1\u0161 Mikul\u00e1\u0161ek Photography","description":"","potentialAction":[{"@type":"SearchAction","target":{"@type":"EntryPoint","urlTemplate":"https:\/\/lukasmikulasek.cz\/photography\/?s={search_term_string}"},"query-input":"required name=search_term_string"}],"inLanguage":"cs"},{"@type":"WebPage","@id":"https:\/\/lukasmikulasek.cz\/photography\/svatby\/#webpage","url":"https:\/\/lukasmikulasek.cz\/photography\/svatby\/","name":"Svatby - v\u00fdb\u011br &raquo;\u00a0","isPartOf":{"@id":"https:\/\/lukasmikulasek.cz\/photography\/#website"},"datePublished":"2015-04-10T19:54:33+00:00","dateModified":"2015-07-04T16:16:23+00:00","breadcrumb":{"@id":"https:\/\/lukasmikulasek.cz\/photography\/svatby\/#breadcrumb"},"inLanguage":"cs","potentialAction":[{"@type":"ReadAction","target":["https:\/\/lukasmikulasek.cz\/photography\/svatby\/"]}]},{"@type":"BreadcrumbList","@id":"https:\/\/lukasmikulasek.cz\/photography\/svatby\/#breadcrumb","itemListElement":[{"@type":"ListItem","position":1,"name":"Dom\u016f","item":"https:\/\/lukasmikulasek.cz\/photography\/"},{"@type":"ListItem","position":2,"name":"Svatby &#8211; v\u00fdb\u011br"}]}]}},"_links":{"self":[{"href":"https:\/\/lukasmikulasek.cz\/photography\/wp-json\/wp\/v2\/pages\/356"}],"collection":[{"href":"https:\/\/lukasmikulasek.cz\/photography\/wp-json\/wp\/v2\/pages"}],"about":[{"href":"https:\/\/lukasmikulasek.cz\/photography\/wp-json\/wp\/v2\/types\/page"}],"author":[{"embeddable":true,"href":"https:\/\/lukasmikulasek.cz\/photography\/wp-json\/wp\/v2\/users\/1"}],"replies":[{"embeddable":true,"href":"https:\/\/lukasmikulasek.cz\/photography\/wp-json\/wp\/v2\/comments?post=356"}],"version-history":[{"count":2,"href":"https:\/\/lukasmikulasek.cz\/photography\/wp-json\/wp\/v2\/pages\/356\/revisions"}],"predecessor-version":[{"id":545,"href":"https:\/\/lukasmikulasek.cz\/photography\/wp-json\/wp\/v2\/pages\/356\/revisions\/545"}],"wp:attachment":[{"href":"https:\/\/lukasmikulasek.cz\/photography\/wp-json\/wp\/v2\/media?parent=356"}],"curies":[{"name":"wp","href":"https:\/\/api.w.org\/{rel}","templated":true}]}}