{"id":556,"date":"2015-07-05T21:22:52","date_gmt":"2015-07-05T20:22:52","guid":{"rendered":"http:\/\/lukasmikulasek.cz\/photography\/?page_id=556"},"modified":"2015-07-06T17:08:52","modified_gmt":"2015-07-06T16:08:52","slug":"vitejte","status":"publish","type":"page","link":"https:\/\/lukasmikulasek.cz\/photography\/","title":{"rendered":"V\u00edtejte"},"content":{"rendered":"<p>V\u00edtejte na str\u00e1nk\u00e1ch Luk\u00e1\u0161 Mikul\u00e1\u0161ek Photography. Pod jednotliv\u00fdmi prvky v menu naho\u0159e najdete s trochou \u0161t\u011bst\u00ed i Va\u0161i akci, svatbu nebo jinou p\u0159\u00edle\u017eitost, p\u0159i kter\u00e9 jsme se mo\u017en\u00e1 setkali.<\/p>\n<p>Luk\u00e1\u0161 Mikul\u00e1\u0161ek<\/p>\n<p><img loading=\"lazy\" class=\"  wp-image-562 aligncenter\" src=\"http:\/\/lukasmikulasek.cz\/photography\/wp-content\/uploads\/2015\/07\/11150309_1093213170695457_2358541239477125988_n1.jpg\" alt=\"11150309_1093213170695457_2358541239477125988_n[1]\" width=\"570\" height=\"570\" srcset=\"https:\/\/lukasmikulasek.cz\/photography\/wp-content\/uploads\/2015\/07\/11150309_1093213170695457_2358541239477125988_n1.jpg 720w, https:\/\/lukasmikulasek.cz\/photography\/wp-content\/uploads\/2015\/07\/11150309_1093213170695457_2358541239477125988_n1-150x150.jpg 150w, https:\/\/lukasmikulasek.cz\/photography\/wp-content\/uploads\/2015\/07\/11150309_1093213170695457_2358541239477125988_n1-300x300.jpg 300w, https:\/\/lukasmikulasek.cz\/photography\/wp-content\/uploads\/2015\/07\/11150309_1093213170695457_2358541239477125988_n1-80x80.jpg 80w\" sizes=\"(max-width: 570px) 100vw, 570px\" \/><\/p>\n","protected":false},"excerpt":{"rendered":"<p>V\u00edtejte na str\u00e1nk\u00e1ch Luk\u00e1\u0161 Mikul\u00e1\u0161ek Photography. Pod jednotliv\u00fdmi prvky v menu naho\u0159e najdete s trochou \u0161t\u011bst\u00ed i Va\u0161i akci, svatbu nebo jinou p\u0159\u00edle\u017eitost, p\u0159i kter\u00e9 jsme se mo\u017en\u00e1 setkali. Luk\u00e1\u0161 Mikul\u00e1\u0161ek<\/p>\n","protected":false},"author":1,"featured_media":562,"parent":0,"menu_order":0,"comment_status":"closed","ping_status":"closed","template":"","meta":[],"yoast_head":"<!-- This site is optimized with the Yoast SEO plugin v18.4.1 - https:\/\/yoast.com\/wordpress\/plugins\/seo\/ -->\n<title>Luk\u00e1\u0161 Mikul\u00e1\u0161ek Photography<\/title>\n<meta name=\"description\" content=\"V\u00edtejte na str\u00e1nk\u00e1ch Luk\u00e1\u0161 MIkul\u00e1\u0161ek Photography.\" \/>\n<meta name=\"robots\" content=\"index, follow, max-snippet:-1, max-image-preview:large, max-video-preview:-1\" \/>\n<link rel=\"canonical\" href=\"https:\/\/lukasmikulasek.cz\/photography\/\" \/>\n<script type=\"application\/ld+json\" class=\"yoast-schema-graph\">{\"@context\":\"https:\/\/schema.org\",\"@graph\":[{\"@type\":\"WebSite\",\"@id\":\"https:\/\/lukasmikulasek.cz\/photography\/#website\",\"url\":\"https:\/\/lukasmikulasek.cz\/photography\/\",\"name\":\"Luk\u00e1\u0161 Mikul\u00e1\u0161ek Photography\",\"description\":\"\",\"potentialAction\":[{\"@type\":\"SearchAction\",\"target\":{\"@type\":\"EntryPoint\",\"urlTemplate\":\"https:\/\/lukasmikulasek.cz\/photography\/?s={search_term_string}\"},\"query-input\":\"required name=search_term_string\"}],\"inLanguage\":\"cs\"},{\"@type\":\"ImageObject\",\"@id\":\"https:\/\/lukasmikulasek.cz\/photography\/#primaryimage\",\"inLanguage\":\"cs\",\"url\":\"https:\/\/lukasmikulasek.cz\/photography\/wp-content\/uploads\/2015\/07\/11150309_1093213170695457_2358541239477125988_n1.jpg\",\"contentUrl\":\"https:\/\/lukasmikulasek.cz\/photography\/wp-content\/uploads\/2015\/07\/11150309_1093213170695457_2358541239477125988_n1.jpg\",\"width\":720,\"height\":720},{\"@type\":\"WebPage\",\"@id\":\"https:\/\/lukasmikulasek.cz\/photography\/#webpage\",\"url\":\"https:\/\/lukasmikulasek.cz\/photography\/\",\"name\":\"Luk\u00e1\u0161 Mikul\u00e1\u0161ek Photography\",\"isPartOf\":{\"@id\":\"https:\/\/lukasmikulasek.cz\/photography\/#website\"},\"primaryImageOfPage\":{\"@id\":\"https:\/\/lukasmikulasek.cz\/photography\/#primaryimage\"},\"datePublished\":\"2015-07-05T20:22:52+00:00\",\"dateModified\":\"2015-07-06T16:08:52+00:00\",\"description\":\"V\u00edtejte na str\u00e1nk\u00e1ch Luk\u00e1\u0161 MIkul\u00e1\u0161ek Photography.\",\"breadcrumb\":{\"@id\":\"https:\/\/lukasmikulasek.cz\/photography\/#breadcrumb\"},\"inLanguage\":\"cs\",\"potentialAction\":[{\"@type\":\"ReadAction\",\"target\":[\"https:\/\/lukasmikulasek.cz\/photography\/\"]}]},{\"@type\":\"BreadcrumbList\",\"@id\":\"https:\/\/lukasmikulasek.cz\/photography\/#breadcrumb\",\"itemListElement\":[{\"@type\":\"ListItem\",\"position\":1,\"name\":\"Dom\u016f\",\"item\":\"https:\/\/lukasmikulasek.cz\/photography\/\"},{\"@type\":\"ListItem\",\"position\":2,\"name\":\"V\u00edtejte\"}]}]}<\/script>\n<!-- \/ Yoast SEO plugin. -->","yoast_head_json":{"title":"Luk\u00e1\u0161 Mikul\u00e1\u0161ek Photography","description":"V\u00edtejte na str\u00e1nk\u00e1ch Luk\u00e1\u0161 MIkul\u00e1\u0161ek Photography.","robots":{"index":"index","follow":"follow","max-snippet":"max-snippet:-1","max-image-preview":"max-image-preview:large","max-video-preview":"max-video-preview:-1"},"canonical":"https:\/\/lukasmikulasek.cz\/photography\/","schema":{"@context":"https:\/\/schema.org","@graph":[{"@type":"WebSite","@id":"https:\/\/lukasmikulasek.cz\/photography\/#website","url":"https:\/\/lukasmikulasek.cz\/photography\/","name":"Luk\u00e1\u0161 Mikul\u00e1\u0161ek Photography","description":"","potentialAction":[{"@type":"SearchAction","target":{"@type":"EntryPoint","urlTemplate":"https:\/\/lukasmikulasek.cz\/photography\/?s={search_term_string}"},"query-input":"required name=search_term_string"}],"inLanguage":"cs"},{"@type":"ImageObject","@id":"https:\/\/lukasmikulasek.cz\/photography\/#primaryimage","inLanguage":"cs","url":"https:\/\/lukasmikulasek.cz\/photography\/wp-content\/uploads\/2015\/07\/11150309_1093213170695457_2358541239477125988_n1.jpg","contentUrl":"https:\/\/lukasmikulasek.cz\/photography\/wp-content\/uploads\/2015\/07\/11150309_1093213170695457_2358541239477125988_n1.jpg","width":720,"height":720},{"@type":"WebPage","@id":"https:\/\/lukasmikulasek.cz\/photography\/#webpage","url":"https:\/\/lukasmikulasek.cz\/photography\/","name":"Luk\u00e1\u0161 Mikul\u00e1\u0161ek Photography","isPartOf":{"@id":"https:\/\/lukasmikulasek.cz\/photography\/#website"},"primaryImageOfPage":{"@id":"https:\/\/lukasmikulasek.cz\/photography\/#primaryimage"},"datePublished":"2015-07-05T20:22:52+00:00","dateModified":"2015-07-06T16:08:52+00:00","description":"V\u00edtejte na str\u00e1nk\u00e1ch Luk\u00e1\u0161 MIkul\u00e1\u0161ek Photography.","breadcrumb":{"@id":"https:\/\/lukasmikulasek.cz\/photography\/#breadcrumb"},"inLanguage":"cs","potentialAction":[{"@type":"ReadAction","target":["https:\/\/lukasmikulasek.cz\/photography\/"]}]},{"@type":"BreadcrumbList","@id":"https:\/\/lukasmikulasek.cz\/photography\/#breadcrumb","itemListElement":[{"@type":"ListItem","position":1,"name":"Dom\u016f","item":"https:\/\/lukasmikulasek.cz\/photography\/"},{"@type":"ListItem","position":2,"name":"V\u00edtejte"}]}]}},"_links":{"self":[{"href":"https:\/\/lukasmikulasek.cz\/photography\/wp-json\/wp\/v2\/pages\/556"}],"collection":[{"href":"https:\/\/lukasmikulasek.cz\/photography\/wp-json\/wp\/v2\/pages"}],"about":[{"href":"https:\/\/lukasmikulasek.cz\/photography\/wp-json\/wp\/v2\/types\/page"}],"author":[{"embeddable":true,"href":"https:\/\/lukasmikulasek.cz\/photography\/wp-json\/wp\/v2\/users\/1"}],"replies":[{"embeddable":true,"href":"https:\/\/lukasmikulasek.cz\/photography\/wp-json\/wp\/v2\/comments?post=556"}],"version-history":[{"count":4,"href":"https:\/\/lukasmikulasek.cz\/photography\/wp-json\/wp\/v2\/pages\/556\/revisions"}],"predecessor-version":[{"id":938,"href":"https:\/\/lukasmikulasek.cz\/photography\/wp-json\/wp\/v2\/pages\/556\/revisions\/938"}],"wp:featuredmedia":[{"embeddable":true,"href":"https:\/\/lukasmikulasek.cz\/photography\/wp-json\/wp\/v2\/media\/562"}],"wp:attachment":[{"href":"https:\/\/lukasmikulasek.cz\/photography\/wp-json\/wp\/v2\/media?parent=556"}],"curies":[{"name":"wp","href":"https:\/\/api.w.org\/{rel}","templated":true}]}}