{"id":564,"date":"2015-07-05T21:42:15","date_gmt":"2015-07-05T20:42:15","guid":{"rendered":"http:\/\/lukasmikulasek.cz\/photography\/?page_id=564"},"modified":"2016-01-04T17:47:47","modified_gmt":"2016-01-04T16:47:47","slug":"kontakt","status":"publish","type":"page","link":"https:\/\/lukasmikulasek.cz\/photography\/kontakt\/","title":{"rendered":"Kontakt"},"content":{"rendered":"<p>M\u00e1te-li z\u00e1jem o fotografie um\u00edst\u011bn\u00e9 na t\u011bchto str\u00e1nk\u00e1ch, nev\u00e1hejte mne kontaktovat. Nov\u00e9 zak\u00e1zky na fotografov\u00e1n\u00ed, vzhledem k velk\u00e9 vyt\u00ed\u017eenosti, moment\u00e1ln\u011b nep\u0159ij\u00edm\u00e1m. D\u011bkuji za pochopen\u00ed.<\/p>\n<p>Luk\u00e1\u0161 Mikul\u00e1\u0161ek<br \/>\nChvalovice (okres Znojmo)<br \/>\n+420 777 342 384<br \/>\ninfo@lukasmikulasek.cz<\/p>\n<p>&nbsp;<\/p>\n","protected":false},"excerpt":{"rendered":"<p>M\u00e1te-li z\u00e1jem o fotografie um\u00edst\u011bn\u00e9 na t\u011bchto str\u00e1nk\u00e1ch, nev\u00e1hejte mne kontaktovat. Nov\u00e9 zak\u00e1zky na fotografov\u00e1n\u00ed, vzhledem k velk\u00e9 vyt\u00ed\u017eenosti, moment\u00e1ln\u011b nep\u0159ij\u00edm\u00e1m. D\u011bkuji za pochopen\u00ed. Luk\u00e1\u0161 Mikul\u00e1\u0161ek Chvalovice (okres Znojmo) +420 777 342 384 info@lukasmikulasek.cz &nbsp;<\/p>\n","protected":false},"author":1,"featured_media":0,"parent":0,"menu_order":0,"comment_status":"closed","ping_status":"closed","template":"","meta":[],"yoast_head":"<!-- This site is optimized with the Yoast SEO plugin v18.4.1 - https:\/\/yoast.com\/wordpress\/plugins\/seo\/ -->\n<title>Kontakt &raquo;\u00a0<\/title>\n<meta name=\"robots\" content=\"index, follow, max-snippet:-1, max-image-preview:large, max-video-preview:-1\" \/>\n<link rel=\"canonical\" href=\"https:\/\/lukasmikulasek.cz\/photography\/kontakt\/\" \/>\n<script type=\"application\/ld+json\" class=\"yoast-schema-graph\">{\"@context\":\"https:\/\/schema.org\",\"@graph\":[{\"@type\":\"WebSite\",\"@id\":\"https:\/\/lukasmikulasek.cz\/photography\/#website\",\"url\":\"https:\/\/lukasmikulasek.cz\/photography\/\",\"name\":\"Luk\u00e1\u0161 Mikul\u00e1\u0161ek Photography\",\"description\":\"\",\"potentialAction\":[{\"@type\":\"SearchAction\",\"target\":{\"@type\":\"EntryPoint\",\"urlTemplate\":\"https:\/\/lukasmikulasek.cz\/photography\/?s={search_term_string}\"},\"query-input\":\"required name=search_term_string\"}],\"inLanguage\":\"cs\"},{\"@type\":\"WebPage\",\"@id\":\"https:\/\/lukasmikulasek.cz\/photography\/kontakt\/#webpage\",\"url\":\"https:\/\/lukasmikulasek.cz\/photography\/kontakt\/\",\"name\":\"Kontakt &raquo;\u00a0\",\"isPartOf\":{\"@id\":\"https:\/\/lukasmikulasek.cz\/photography\/#website\"},\"datePublished\":\"2015-07-05T20:42:15+00:00\",\"dateModified\":\"2016-01-04T16:47:47+00:00\",\"breadcrumb\":{\"@id\":\"https:\/\/lukasmikulasek.cz\/photography\/kontakt\/#breadcrumb\"},\"inLanguage\":\"cs\",\"potentialAction\":[{\"@type\":\"ReadAction\",\"target\":[\"https:\/\/lukasmikulasek.cz\/photography\/kontakt\/\"]}]},{\"@type\":\"BreadcrumbList\",\"@id\":\"https:\/\/lukasmikulasek.cz\/photography\/kontakt\/#breadcrumb\",\"itemListElement\":[{\"@type\":\"ListItem\",\"position\":1,\"name\":\"Dom\u016f\",\"item\":\"https:\/\/lukasmikulasek.cz\/photography\/\"},{\"@type\":\"ListItem\",\"position\":2,\"name\":\"Kontakt\"}]}]}<\/script>\n<!-- \/ Yoast SEO plugin. -->","yoast_head_json":{"title":"Kontakt &raquo;\u00a0","robots":{"index":"index","follow":"follow","max-snippet":"max-snippet:-1","max-image-preview":"max-image-preview:large","max-video-preview":"max-video-preview:-1"},"canonical":"https:\/\/lukasmikulasek.cz\/photography\/kontakt\/","schema":{"@context":"https:\/\/schema.org","@graph":[{"@type":"WebSite","@id":"https:\/\/lukasmikulasek.cz\/photography\/#website","url":"https:\/\/lukasmikulasek.cz\/photography\/","name":"Luk\u00e1\u0161 Mikul\u00e1\u0161ek Photography","description":"","potentialAction":[{"@type":"SearchAction","target":{"@type":"EntryPoint","urlTemplate":"https:\/\/lukasmikulasek.cz\/photography\/?s={search_term_string}"},"query-input":"required name=search_term_string"}],"inLanguage":"cs"},{"@type":"WebPage","@id":"https:\/\/lukasmikulasek.cz\/photography\/kontakt\/#webpage","url":"https:\/\/lukasmikulasek.cz\/photography\/kontakt\/","name":"Kontakt &raquo;\u00a0","isPartOf":{"@id":"https:\/\/lukasmikulasek.cz\/photography\/#website"},"datePublished":"2015-07-05T20:42:15+00:00","dateModified":"2016-01-04T16:47:47+00:00","breadcrumb":{"@id":"https:\/\/lukasmikulasek.cz\/photography\/kontakt\/#breadcrumb"},"inLanguage":"cs","potentialAction":[{"@type":"ReadAction","target":["https:\/\/lukasmikulasek.cz\/photography\/kontakt\/"]}]},{"@type":"BreadcrumbList","@id":"https:\/\/lukasmikulasek.cz\/photography\/kontakt\/#breadcrumb","itemListElement":[{"@type":"ListItem","position":1,"name":"Dom\u016f","item":"https:\/\/lukasmikulasek.cz\/photography\/"},{"@type":"ListItem","position":2,"name":"Kontakt"}]}]}},"_links":{"self":[{"href":"https:\/\/lukasmikulasek.cz\/photography\/wp-json\/wp\/v2\/pages\/564"}],"collection":[{"href":"https:\/\/lukasmikulasek.cz\/photography\/wp-json\/wp\/v2\/pages"}],"about":[{"href":"https:\/\/lukasmikulasek.cz\/photography\/wp-json\/wp\/v2\/types\/page"}],"author":[{"embeddable":true,"href":"https:\/\/lukasmikulasek.cz\/photography\/wp-json\/wp\/v2\/users\/1"}],"replies":[{"embeddable":true,"href":"https:\/\/lukasmikulasek.cz\/photography\/wp-json\/wp\/v2\/comments?post=564"}],"version-history":[{"count":7,"href":"https:\/\/lukasmikulasek.cz\/photography\/wp-json\/wp\/v2\/pages\/564\/revisions"}],"predecessor-version":[{"id":1029,"href":"https:\/\/lukasmikulasek.cz\/photography\/wp-json\/wp\/v2\/pages\/564\/revisions\/1029"}],"wp:attachment":[{"href":"https:\/\/lukasmikulasek.cz\/photography\/wp-json\/wp\/v2\/media?parent=564"}],"curies":[{"name":"wp","href":"https:\/\/api.w.org\/{rel}","templated":true}]}}